{"id":2,"date":"2015-04-03T10:19:33","date_gmt":"2015-04-03T10:19:33","guid":{"rendered":"https:\/\/piramitmuzik.com\/?page_id=2"},"modified":"2021-12-02T00:56:17","modified_gmt":"2021-12-01T22:56:17","slug":"ornek-sayfa","status":"publish","type":"page","link":"https:\/\/piramitmuzik.com\/","title":{"rendered":"\u0130leti\u015fim"},"content":{"rendered":"<p>Adres : Koca Mustafa Pa\u015fa Mah. Milli Egemenlik (Emeksiz) Cad. No:90\/G BATTALGAZ\u0130 MALATYA<\/p>\n<p>Telefon : (422) 324 52 62\u00a0 <\/p>\n<p>E-Mail  : piramit_muzik@hotmail.com<\/p>\n","protected":false},"excerpt":{"rendered":"<p>Adres : Koca Mustafa Pa\u015fa Mah. Milli Egemenlik (Emeksiz) Cad. No:90\/G BATTALGAZ\u0130 MALATYA Telefon : (422) 324 52 62\u00a0 E-Mail : piramit_muzik@hotmail.com<\/p>\n","protected":false},"author":1,"featured_media":0,"parent":0,"menu_order":0,"comment_status":"open","ping_status":"open","template":"","meta":[],"_links":{"self":[{"href":"https:\/\/piramitmuzik.com\/index.php?rest_route=\/wp\/v2\/pages\/2"}],"collection":[{"href":"https:\/\/piramitmuzik.com\/index.php?rest_route=\/wp\/v2\/pages"}],"about":[{"href":"https:\/\/piramitmuzik.com\/index.php?rest_route=\/wp\/v2\/types\/page"}],"author":[{"embeddable":true,"href":"https:\/\/piramitmuzik.com\/index.php?rest_route=\/wp\/v2\/users\/1"}],"replies":[{"embeddable":true,"href":"https:\/\/piramitmuzik.com\/index.php?rest_route=%2Fwp%2Fv2%2Fcomments&post=2"}],"version-history":[{"count":3,"href":"https:\/\/piramitmuzik.com\/index.php?rest_route=\/wp\/v2\/pages\/2\/revisions"}],"predecessor-version":[{"id":29,"href":"https:\/\/piramitmuzik.com\/index.php?rest_route=\/wp\/v2\/pages\/2\/revisions\/29"}],"wp:attachment":[{"href":"https:\/\/piramitmuzik.com\/index.php?rest_route=%2Fwp%2Fv2%2Fmedia&parent=2"}],"curies":[{"name":"wp","href":"https:\/\/api.w.org\/{rel}","templated":true}]}}